{"id":4855,"date":"2022-09-28T08:47:46","date_gmt":"2022-09-28T08:47:46","guid":{"rendered":"https:\/\/ucc-www.konosys.com\/wordpress\/?page_id=4855"},"modified":"2022-11-07T15:08:09","modified_gmt":"2022-11-07T15:08:09","slug":"formation-pro","status":"publish","type":"page","link":"https:\/\/www.ucentrale.com\/index.php\/formation-pro\/","title":{"rendered":"Formations pro"},"content":{"rendered":"<p>[vc_row content_placement=\u00a0\u00bbmiddle\u00a0\u00bb parallax=\u00a0\u00bbenable_parallax\u00a0\u00bb bg_position=\u00a0\u00bbcenter top\u00a0\u00bb css=\u00a0\u00bb.vc_custom_1664207319195{padding-top: 140px !important;padding-bottom: 80px !important;background: #202045 url(http:\/\/ucc-www.konosys.com\/wordpress\/wp-content\/uploads\/2021\/01\/bg-1@2x-1.jpg?id=4565);background-position: center;background-repeat: no-repeat !important;background-size: cover !important;}\u00a0\u00bb responsive_css=\u00a0\u00bbpadding_top_medium:170px\u00a0\u00bb][vc_column]<style>.ld_fancy_heading_69e21e8fcf063 h6{color:rgb(255, 255, 255);}.ld_fancy_heading_69e21e8fcf063 h6 {font-size:12px; } .ld_fancy_heading_69e21e8fcf063 h6 {font-weight:700; } .ld_fancy_heading_69e21e8fcf063 h6 {letter-spacing:0.08em; } .ld_fancy_heading_69e21e8fcf063 h6 {margin-bottom:4em !important;  } .ld_fancy_heading_69e21e8fcf063 .lqd-highlight-inner{height:0.275em!important;bottom:0px!important;}.ld_fancy_heading_69e21e8fcf063 h6 {font-size:12px; } .ld_fancy_heading_69e21e8fcf063 h6 {font-weight:700; } .ld_fancy_heading_69e21e8fcf063 h6 {letter-spacing:0.08em; } .ld_fancy_heading_69e21e8fcf063 h6 {margin-bottom:4em !important;  } <\/style><div class=\"ld-fancy-heading text-uppercase ld_fancy_heading_69e21e8fcf063\">\n\t<h6 class=\"ld-fh-element lqd-highlight-underline lqd-highlight-grow-left text-decoration-default\"   >  Formations<\/h6><\/div>[\/vc_column][vc_column offset=\u00a0\u00bbvc_col-md-6&Prime;]<style>.ld_fancy_heading_69e21e8fcf278 h1{color:rgb(255, 255, 255);}@media (min-width: 992px) { .ld_fancy_heading_69e21e8fcf278 h1 {font-size:74px; }  } .ld_fancy_heading_69e21e8fcf278 h1 {line-height:0.9em; } .ld_fancy_heading_69e21e8fcf278 h1 {--element-line-height:0.9em; } .ld_fancy_heading_69e21e8fcf278 .lqd-highlight-inner{height:0.275em!important;bottom:0px!important;}@media (min-width: 992px) { .ld_fancy_heading_69e21e8fcf278 h1 {font-size:74px; }  } .ld_fancy_heading_69e21e8fcf278 h1 {line-height:0.9em; } .ld_fancy_heading_69e21e8fcf278 h1 {--element-line-height:0.9em; } <\/style><div class=\"ld-fancy-heading ld_fancy_heading_69e21e8fcf278\">\n\t<h1 class=\"ld-fh-element lqd-highlight-underline lqd-highlight-grow-left text-decoration-default\"   >  FORMATIONS PROFESSIONNELS<br \/>SPECIALI\u00c9ES<\/h1><\/div>[\/vc_column][vc_column width=\u00a0\u00bb1\/2&Prime; offset=\u00a0\u00bbvc_col-lg-offset-2 vc_col-lg-4 vc_col-md-offset-1 vc_col-md-5&Prime;][\/vc_column][\/vc_row][vc_row rtl_reverse=\u00a0\u00bbyes\u00a0\u00bb css=\u00a0\u00bb.vc_custom_1664353454370{padding-top: 60px !important;padding-bottom: 60px !important;}\u00a0\u00bb][vc_column enable_pin=\u00a0\u00bbenable_pin\u00a0\u00bb width=\u00a0\u00bb5\/12&Prime; offset=\u00a0\u00bbvc_col-md-4&Prime; responsive_css=\u00a0\u00bbpadding_right_medium:7%25&Prime;][vc_row_inner][vc_column_inner responsive_css=\u00a0\u00bbmargin_bottom_medium:45px\u00a0\u00bb css=\u00a0\u00bb.vc_custom_1608194013763{margin-bottom: 30px !important;}\u00a0\u00bb]<style>.ld_custom_menu_69e21e8fcf4d1 > ul > li > a{font-size:15px;font-weight:700;letter-spacing:0.01em;color:rgb(51, 51, 51);background:rgb(247, 248, 250);}.ld_custom_menu_69e21e8fcf4d1 > ul > li:not(:last-child){margin-bottom:3px;}.lqd-stickybar > .lqd-head-col > .header-module > .ld_custom_menu_69e21e8fcf4d1 li{margin-inline-start:3px;}.ld_custom_menu_69e21e8fcf4d1 > ul > li > a:hover, .ld_custom_menu_69e21e8fcf4d1 li.is-active > a{background:rgb(233, 233, 233);}<\/style><div  \n\tclass=\"lqd-fancy-menu lqd-custom-menu menu-items-has-fill lqd-menu-td-none ld_custom_menu_69e21e8fcf4d1\"\n\t>\n\n\t<ul class=\"reset-ul\" id=\"ld_custom_menu_69e21e8fcf4d1\"  data-localscroll=\"true\" data-localscroll-options=\"{&quot;itemsSelector&quot;:&quot;&gt; li &gt; a&quot;,&quot;trackWindowScroll&quot;:true,&quot;includeParentAsOffset&quot;:false,&quot;offsetElements&quot;:&quot;[data-sticky-header] .lqd-head-sec-wrap:not(.lqd-hide-onstuck), #wpadminbar&quot;}\">\n\t<li><a href=\"#L1\" target=\"_blank\"><span class=\"link-icon right-icon icon-next-to-label\"><i class=\"lqd-icn-ess icon-ion-ios-arrow-forward\"><\/i><\/span> 1. EXECUTIVE MASTER OF BUSINESS ADMINISTRATION (EXE MBA)<\/a><\/li><li><a href=\"#L2\" target=\"_blank\"><span class=\"link-icon right-icon icon-next-to-label\"><i class=\"lqd-icn-ess icon-ion-ios-arrow-forward\"><\/i><\/span> 2. CERTIFICATS PROFESSIONNELS<\/a><\/li>\t<\/ul>\n<\/div>[\/vc_column_inner][\/vc_row_inner][\/vc_column][vc_column width=\u00a0\u00bb2\/3&Prime; column_top_ontablet=\u00a0\u00bbyes\u00a0\u00bb column_top_onmobile=\u00a0\u00bbyes\u00a0\u00bb offset=\u00a0\u00bbvc_col-md-offset-0 vc_col-md-8&Prime; responsive_css=\u00a0\u00bbmargin_bottom_medium:0px\u00a0\u00bb css=\u00a0\u00bb.vc_custom_1610729062932{margin-bottom: 35px !important;}\u00a0\u00bb]<style>.licence .lqd-fb-content-title{font-weight:700 !important;}.licence .lqd-fb-bg{background:-webkit-linear-gradient(180deg, rgba(0, 0, 0, 0) 0%, rgb(24, 27, 49) 100%);background:linear-gradient(180deg, rgba(0, 0, 0, 0) 0%, rgb(24, 27, 49) 100%);}<\/style><div id=\"licence\" class=\"lqd-fb lqd-fb-style-1 lqd-fb-style-1-3 round pos-rel overflow-hidden lqd-fb-zoom-img-onhover h-pt-60 licence\" data-inview=\"true\">\n\t<div class=\"lqd-fb-inner lqd-overlay\">\n\n\t\t<div class=\"lqd-fb-img lqd-overlay overflow-hidden\">\n\n\t\t<figure data-responsive-bg=\"true\"><img width=\"1024\" height=\"768\" src=\"https:\/\/www.ucentrale.com\/wp-content\/uploads\/2022\/11\/fabb5b64-95bd-49a6-98bd-3cc9313c0009.jpg\" class=\"w-100 invisible\" alt=\"\" srcset=\"https:\/\/www.ucentrale.com\/wp-content\/uploads\/2022\/11\/fabb5b64-95bd-49a6-98bd-3cc9313c0009.jpg 1024w, https:\/\/www.ucentrale.com\/wp-content\/uploads\/2022\/11\/fabb5b64-95bd-49a6-98bd-3cc9313c0009-300x225.jpg 300w\" sizes=\"(max-width: 1024px) 100vw, 1024px\" itemprop=\"image\" \/><\/figure>\t\t\n\t\t<\/div>\n\n\t\t<div class=\"lqd-fb-content lqd-overlay align-items-end\">\n\t\t\t<div class=\"lqd-fb-bg lqd-overlay\"><\/div>\n\t\t\t<div class=\"lqd-fb-hover-overlay lqd-overlay\"><\/div>\n\t\t\t<div class=\"lqd-fb-content-inner d-flex flex-column justify-content-end pos-rel h-100 w-100 w-md-75 p-4 p-md-8\">\n\t\t\t\t\n\t\t\t\t\t\t\t\t<div\n\t\t\t\tclass=\"lqd-fb-content-top\"\n\t\t\t\tdata-custom-animations=\"true\"\n\t\t\t\tdata-ca-options='{ \"triggerHandler\": \"inview\", \"animationTarget\": \"all-childs\", \"duration\": 1200, \"delay\": 120,  \"startDelay\": 250, \"initValues\": { \"y\": 30, \"opacity\": 0 }, \"animations\": { \"y\": 0, \"opacity\": 1 } }'>\n\t\t\t\t\t<h6 class=\"my-0 text-uppercase ltr-sp-25\">Nos formations<\/h6>\n\t\t\t\t<\/div>\n\t\t\t\t\t\t\t\t\n\t\t\t\t<div\n\t\t\t\tclass=\"lqd-fb-content-bottom mt-auto\"\n\t\t\t\tdata-custom-animations=\"true\"\n\t\t\t\tdata-ca-options='{ \"triggerHandler\": \"inview\", \"animationTarget\": \"all-childs\", \"duration\": 1200, \"delay\": 120,  \"startDelay\": 300, \"initValues\": { \"y\": 30, \"opacity\": 0 }, \"animations\": { \"y\": 0, \"opacity\": 1 } }'>\n\t\t\t\t\t\n\t\t\t\t\t\t\t\t\t\t<h2\t\t\t\t\tclass=\"lqd-fb-content-title my-0 mb-3\"\n\t\t\t\t\tdata-split-text=\"true\" data-split-options='{ \"type\": \"lines\" }'>FORMATIONS PROFESSIONNELS SPECIALISEES\t\t\t\t\t<\/h2>\n\t\t\t\t\t\t\t\t\t\t\n\t\t\t\t\t\n\t\t\t\t\t\t\t\t\t\t<p\n\t\t\t\t\tclass=\"my-0 mb-5\"\n\t\t\t\t\tdata-split-text=\"true\" data-split-options='{ \"type\": \"lines\" }'>1. EXECUTIVE MASTER OF BUSINESS ADMINISTRATION (EXE MBA<br \/>\n2. CERTIFICATS PROFESSIONNELS<\/p>\n\t\t\t\t\t\n\t\t\t\t\t\n\t\t\t\t<\/div>\n\t\t\t\t\n\t\t\t<\/div>\n\t\t<\/div>\n\n\t<\/div>\n<\/div>\n<style>.ld_spacer_69e21e8fcf923{height:20px;}@media (min-width: 992px) { .ld_spacer_69e21e8fcf923{height:30px};}<\/style>\n<div class=\"ld-empty-space ld_spacer_69e21e8fcf923\"><\/div><style>#L1 h2{color:rgb(230, 164, 68);}.ld_fancy_heading_69e21e8fcf9ef h2 {font-size:25px; } .ld_fancy_heading_69e21e8fcf9ef h2 {margin-bottom:1em !important;  } #L1 .lqd-highlight-inner{height:0.275em!important;bottom:0px!important;}.ld_fancy_heading_69e21e8fcf9ef h2 {font-size:25px; } .ld_fancy_heading_69e21e8fcf9ef h2 {margin-bottom:1em !important;  } <\/style><div id=\"L1\" class=\"ld-fancy-heading ld_fancy_heading_69e21e8fcf9ef\">\n\t<h2 class=\"ld-fh-element lqd-highlight-underline lqd-highlight-grow-left text-decoration-default\"   >  1. EXECUTIVE MASTER OF BUSINESS ADMINISTRATION (EXE MBA)<\/h2><\/div>[vc_row_inner][vc_column_inner]<style>.ld_icon_box_69e21e8fcfb47 .iconbox-icon-container{color:rgb(0, 0, 0);font-size:24px;border-radius:px;}.ld_icon_box_69e21e8fcfb47 .iconbox-icon-wrap{margin-inline-end:10px !important;}.ld_icon_box_69e21e8fcfb47 .lqd-iconbox-title{color:rgb(0, 0, 0);margin-bottom:px;}<\/style>\n<div class=\"iconbox iconbox-side text-align-default align-items-center iconbox-heading-xs ld_icon_box_69e21e8fcfb47\" id=\"ld_icon_box_69e21e8fcfb47\"  data-animate-icon=\"true\" data-plugin-options='{\"color\":\"rgb(0, 0, 0)\"}'  >\n\t\n\t\t\t\t\t\n\t\n\t<div class=\"iconbox-icon-wrap\"><span class=\"iconbox-icon-container\"><i class=\"fas fa-angle-right\"><\/i><\/span><\/div>\t\n\t\t\n\t\t\n\t\t\n\t<h3 class=\"font-weight-normal\">Master of Business Administration (EXE MBA)<\/h3>\t\t\t\n\t\t\n\t\n<\/div>\n<style>.ld_icon_box_69e21e8fd6a33 .iconbox-icon-container{color:rgb(0, 0, 0);font-size:24px;border-radius:px;}.ld_icon_box_69e21e8fd6a33 .iconbox-icon-wrap{margin-inline-end:10px !important;}.ld_icon_box_69e21e8fd6a33 .lqd-iconbox-title{color:rgb(0, 0, 0);margin-bottom:px;}<\/style>\n<div class=\"iconbox iconbox-side text-align-default align-items-center iconbox-heading-xs ld_icon_box_69e21e8fd6a33\" id=\"ld_icon_box_69e21e8fd6a33\"  data-animate-icon=\"true\" data-plugin-options='{\"color\":\"rgb(0, 0, 0)\"}'  >\n\t\n\t\t\t\t\t\n\t\n\t<div class=\"iconbox-icon-wrap\"><span class=\"iconbox-icon-container\"><i class=\"fas fa-angle-right\"><\/i><\/span><\/div>\t\n\t\t\n\t\t\n\t\t\n\t<h3 class=\"font-weight-normal\">Option Marketing Management<\/h3>\t\t\t\n\t\t\n\t\n<\/div>\n<style>.ld_icon_box_69e21e8fe006b .iconbox-icon-container{color:rgb(0, 0, 0);font-size:24px;border-radius:px;}.ld_icon_box_69e21e8fe006b .iconbox-icon-wrap{margin-inline-end:10px !important;}.ld_icon_box_69e21e8fe006b .lqd-iconbox-title{color:rgb(0, 0, 0);margin-bottom:px;}<\/style>\n<div class=\"iconbox iconbox-side text-align-default align-items-center iconbox-heading-xs ld_icon_box_69e21e8fe006b\" id=\"ld_icon_box_69e21e8fe006b\"  data-animate-icon=\"true\" data-plugin-options='{\"color\":\"rgb(0, 0, 0)\"}'  >\n\t\n\t\t\t\t\t\n\t\n\t<div class=\"iconbox-icon-wrap\"><span class=\"iconbox-icon-container\"><i class=\"fas fa-angle-right\"><\/i><\/span><\/div>\t\n\t\t\n\t\t\n\t\t\n\t<h3 class=\"font-weight-normal\">Option Finance Management<\/h3>\t\t\t\n\t\t\n\t\n<\/div>\n<style>.ld_icon_box_69e21e8fe0c83 .iconbox-icon-container{color:rgb(0, 0, 0);font-size:24px;border-radius:px;}.ld_icon_box_69e21e8fe0c83 .iconbox-icon-wrap{margin-inline-end:10px !important;}.ld_icon_box_69e21e8fe0c83 .lqd-iconbox-title{color:rgb(0, 0, 0);margin-bottom:px;}<\/style>\n<div class=\"iconbox iconbox-side text-align-default align-items-center iconbox-heading-xs ld_icon_box_69e21e8fe0c83\" id=\"ld_icon_box_69e21e8fe0c83\"  data-animate-icon=\"true\" data-plugin-options='{\"color\":\"rgb(0, 0, 0)\"}'  >\n\t\n\t\t\t\t\t\n\t\n\t<div class=\"iconbox-icon-wrap\"><span class=\"iconbox-icon-container\"><i class=\"fas fa-angle-right\"><\/i><\/span><\/div>\t\n\t\t\n\t\t\n\t\t\n\t<h3 class=\"font-weight-normal\">Option Gestion des Ressources Humaines<\/h3>\t\t\t\n\t\t\n\t\n<\/div>\n[\/vc_column_inner][\/vc_row_inner][vc_separator color=\u00a0\u00bbcustom\u00a0\u00bb accent_color=\u00a0\u00bbrgba(0,0,0,0.1)\u00a0\u00bb css=\u00a0\u00bb.vc_custom_1664352575504{margin-top: 20px !important;}\u00a0\u00bb el_id=\u00a0\u00bbL2&Prime;]<style>.ld_fancy_heading_69e21e8fe1315 h2{color:rgb(230, 164, 68);}.ld_fancy_heading_69e21e8fe1315 h2 {font-size:25px; } .ld_fancy_heading_69e21e8fe1315 h2 {margin-bottom:1em !important;  } .ld_fancy_heading_69e21e8fe1315 .lqd-highlight-inner{height:0.275em!important;bottom:0px!important;}.ld_fancy_heading_69e21e8fe1315 h2 {font-size:25px; } .ld_fancy_heading_69e21e8fe1315 h2 {margin-bottom:1em !important;  } <\/style><div class=\"ld-fancy-heading ld_fancy_heading_69e21e8fe1315\">\n\t<h2 class=\"ld-fh-element lqd-highlight-underline lqd-highlight-grow-left text-decoration-default\"   >  2. CERTIFICATS PROFESSIONNELS<\/h2><\/div>[vc_row_inner][vc_column_inner width=\u00a0\u00bb1\/2&Prime;]<style>.ld_icon_box_69e21e8fe77eb .iconbox-icon-container{color:rgb(0, 0, 0);font-size:24px;border-radius:px;}.ld_icon_box_69e21e8fe77eb .iconbox-icon-wrap{margin-inline-end:10px !important;}.ld_icon_box_69e21e8fe77eb .lqd-iconbox-title{color:rgb(0, 0, 0);margin-bottom:px;}<\/style>\n<div class=\"iconbox iconbox-side text-align-default align-items-center iconbox-heading-xs ld_icon_box_69e21e8fe77eb\" id=\"ld_icon_box_69e21e8fe77eb\"  data-animate-icon=\"true\" data-plugin-options='{\"color\":\"rgb(0, 0, 0)\"}'  >\n\t\n\t\t\t\t\t\n\t\n\t<div class=\"iconbox-icon-wrap\"><span class=\"iconbox-icon-container\"><i class=\"fas fa-angle-right\"><\/i><\/span><\/div>\t\n\t\t\n\t\t\n\t\t\n\t<h3 class=\"font-weight-normal\">Certificat en Gestion Comptables 1 &amp; 2<\/h3>\t\t\t\n\t\t\n\t\n<\/div>\n<style>.ld_icon_box_69e21e8fea2ae .iconbox-icon-container{color:rgb(0, 0, 0);font-size:24px;border-radius:px;}.ld_icon_box_69e21e8fea2ae .iconbox-icon-wrap{margin-inline-end:10px !important;}.ld_icon_box_69e21e8fea2ae .lqd-iconbox-title{color:rgb(0, 0, 0);margin-bottom:px;}<\/style>\n<div class=\"iconbox iconbox-side text-align-default align-items-center iconbox-heading-xs ld_icon_box_69e21e8fea2ae\" id=\"ld_icon_box_69e21e8fea2ae\"  data-animate-icon=\"true\" data-plugin-options='{\"color\":\"rgb(0, 0, 0)\"}'  >\n\t\n\t\t\t\t\t\n\t\n\t<div class=\"iconbox-icon-wrap\"><span class=\"iconbox-icon-container\"><i class=\"fas fa-angle-right\"><\/i><\/span><\/div>\t\n\t\t\n\t\t\n\t\t\n\t<h3 class=\"font-weight-normal\">Certificat en Audit et Syst\u00e8me d\u2019Information<\/h3>\t\t\t\n\t\t\n\t\n<\/div>\n<style>.ld_icon_box_69e21e8fed18b .iconbox-icon-container{color:rgb(0, 0, 0);font-size:24px;border-radius:px;}.ld_icon_box_69e21e8fed18b .iconbox-icon-wrap{margin-inline-end:10px !important;}.ld_icon_box_69e21e8fed18b .lqd-iconbox-title{color:rgb(0, 0, 0);margin-bottom:px;}<\/style>\n<div class=\"iconbox iconbox-side text-align-default align-items-center iconbox-heading-xs ld_icon_box_69e21e8fed18b\" id=\"ld_icon_box_69e21e8fed18b\"  data-animate-icon=\"true\" data-plugin-options='{\"color\":\"rgb(0, 0, 0)\"}'  >\n\t\n\t\t\t\t\t\n\t\n\t<div class=\"iconbox-icon-wrap\"><span class=\"iconbox-icon-container\"><i class=\"fas fa-angle-right\"><\/i><\/span><\/div>\t\n\t\t\n\t\t\n\t\t\n\t<h3 class=\"font-weight-normal\">Certificat en Contr\u00f4le de Gestion<\/h3>\t\t\t\n\t\t\n\t\n<\/div>\n<style>.ld_icon_box_69e21e8fedd79 .iconbox-icon-container{color:rgb(0, 0, 0);font-size:24px;border-radius:px;}.ld_icon_box_69e21e8fedd79 .iconbox-icon-wrap{margin-inline-end:10px !important;}.ld_icon_box_69e21e8fedd79 .lqd-iconbox-title{color:rgb(0, 0, 0);margin-bottom:px;}<\/style>\n<div class=\"iconbox iconbox-side text-align-default align-items-center iconbox-heading-xs ld_icon_box_69e21e8fedd79\" id=\"ld_icon_box_69e21e8fedd79\"  data-animate-icon=\"true\" data-plugin-options='{\"color\":\"rgb(0, 0, 0)\"}'  >\n\t\n\t\t\t\t\t\n\t\n\t<div class=\"iconbox-icon-wrap\"><span class=\"iconbox-icon-container\"><i class=\"fas fa-angle-right\"><\/i><\/span><\/div>\t\n\t\t\n\t\t\n\t\t\n\t<h3 class=\"font-weight-normal\">Certificat en Communication Digitale<\/h3>\t\t\t\n\t\t\n\t\n<\/div>\n<style>.ld_icon_box_69e21e8fee463 .iconbox-icon-container{color:rgb(0, 0, 0);font-size:24px;border-radius:px;}.ld_icon_box_69e21e8fee463 .iconbox-icon-wrap{margin-inline-end:10px !important;}.ld_icon_box_69e21e8fee463 .lqd-iconbox-title{color:rgb(0, 0, 0);margin-bottom:px;}<\/style>\n<div class=\"iconbox iconbox-side text-align-default align-items-center iconbox-heading-xs ld_icon_box_69e21e8fee463\" id=\"ld_icon_box_69e21e8fee463\"  data-animate-icon=\"true\" data-plugin-options='{\"color\":\"rgb(0, 0, 0)\"}'  >\n\t\n\t\t\t\t\t\n\t\n\t<div class=\"iconbox-icon-wrap\"><span class=\"iconbox-icon-container\"><i class=\"fas fa-angle-right\"><\/i><\/span><\/div>\t\n\t\t\n\t\t\n\t\t\n\t<h3 class=\"font-weight-normal\">Certificat en Gestion Fiscale<\/h3>\t\t\t\n\t\t\n\t\n<\/div>\n[\/vc_column_inner][vc_column_inner width=\u00a0\u00bb1\/2&Prime;]<style>.ld_icon_box_69e21e8feeb38 .iconbox-icon-container{color:rgb(0, 0, 0);font-size:24px;border-radius:px;}.ld_icon_box_69e21e8feeb38 .iconbox-icon-wrap{margin-inline-end:10px !important;}.ld_icon_box_69e21e8feeb38 .lqd-iconbox-title{color:rgb(0, 0, 0);margin-bottom:px;}<\/style>\n<div class=\"iconbox iconbox-side text-align-default align-items-center iconbox-heading-xs ld_icon_box_69e21e8feeb38\" id=\"ld_icon_box_69e21e8feeb38\"  data-animate-icon=\"true\" data-plugin-options='{\"color\":\"rgb(0, 0, 0)\"}'  >\n\t\n\t\t\t\t\t\n\t\n\t<div class=\"iconbox-icon-wrap\"><span class=\"iconbox-icon-container\"><i class=\"fas fa-angle-right\"><\/i><\/span><\/div>\t\n\t\t\n\t\t\n\t\t\n\t<h3 class=\"font-weight-normal\">Certificat en Finance des Entreprises 1 &amp; 2<\/h3>\t\t\t\n\t\t\n\t\n<\/div>\n<style>.ld_icon_box_69e21e8fef1f0 .iconbox-icon-container{color:rgb(0, 0, 0);font-size:24px;border-radius:px;}.ld_icon_box_69e21e8fef1f0 .iconbox-icon-wrap{margin-inline-end:10px !important;}.ld_icon_box_69e21e8fef1f0 .lqd-iconbox-title{color:rgb(0, 0, 0);margin-bottom:px;}<\/style>\n<div class=\"iconbox iconbox-side text-align-default align-items-center iconbox-heading-xs ld_icon_box_69e21e8fef1f0\" id=\"ld_icon_box_69e21e8fef1f0\"  data-animate-icon=\"true\" data-plugin-options='{\"color\":\"rgb(0, 0, 0)\"}'  >\n\t\n\t\t\t\t\t\n\t\n\t<div class=\"iconbox-icon-wrap\"><span class=\"iconbox-icon-container\"><i class=\"fas fa-angle-right\"><\/i><\/span><\/div>\t\n\t\t\n\t\t\n\t\t\n\t<h3 class=\"font-weight-normal\">Certificat en Gestion de Projet<\/h3>\t\t\t\n\t\t\n\t\n<\/div>\n<style>.ld_icon_box_69e21e8fef8a3 .iconbox-icon-container{color:rgb(0, 0, 0);font-size:24px;border-radius:px;}.ld_icon_box_69e21e8fef8a3 .iconbox-icon-wrap{margin-inline-end:10px !important;}.ld_icon_box_69e21e8fef8a3 .lqd-iconbox-title{color:rgb(0, 0, 0);margin-bottom:px;}<\/style>\n<div class=\"iconbox iconbox-side text-align-default align-items-center iconbox-heading-xs ld_icon_box_69e21e8fef8a3\" id=\"ld_icon_box_69e21e8fef8a3\"  data-animate-icon=\"true\" data-plugin-options='{\"color\":\"rgb(0, 0, 0)\"}'  >\n\t\n\t\t\t\t\t\n\t\n\t<div class=\"iconbox-icon-wrap\"><span class=\"iconbox-icon-container\"><i class=\"fas fa-angle-right\"><\/i><\/span><\/div>\t\n\t\t\n\t\t\n\t\t\n\t<h3 class=\"font-weight-normal\">Certificat en Placement Boursier<\/h3>\t\t\t\n\t\t\n\t\n<\/div>\n<style>.ld_icon_box_69e21e8feff4d .iconbox-icon-container{color:rgb(0, 0, 0);font-size:24px;border-radius:px;}.ld_icon_box_69e21e8feff4d .iconbox-icon-wrap{margin-inline-end:10px !important;}.ld_icon_box_69e21e8feff4d .lqd-iconbox-title{color:rgb(0, 0, 0);margin-bottom:px;}<\/style>\n<div class=\"iconbox iconbox-side text-align-default align-items-center iconbox-heading-xs ld_icon_box_69e21e8feff4d\" id=\"ld_icon_box_69e21e8feff4d\"  data-animate-icon=\"true\" data-plugin-options='{\"color\":\"rgb(0, 0, 0)\"}'  >\n\t\n\t\t\t\t\t\n\t\n\t<div class=\"iconbox-icon-wrap\"><span class=\"iconbox-icon-container\"><i class=\"fas fa-angle-right\"><\/i><\/span><\/div>\t\n\t\t\n\t\t\n\t\t\n\t<h3 class=\"font-weight-normal\">Certificat en Aide-Soignant (Possibilit\u00e9 de Sp\u00e9cialisation au Canada \u00e0 UQAC) pour les dipl\u00f4m\u00e9s d\u2019un BAC).<\/h3>\t\t\t\n\t\t\n\t\n<\/div>\n[\/vc_column_inner][\/vc_row_inner][\/vc_column][\/vc_row][vc_row][vc_column]<style>.ld_spacer_69e21e8ff0357{height:100px;}<\/style>\n<div class=\"ld-empty-space ld_spacer_69e21e8ff0357\"><\/div>[\/vc_column][\/vc_row]<\/p>\n","protected":false},"excerpt":{"rendered":"<p>[vc_row content_placement=\u00a0\u00bbmiddle\u00a0\u00bb parallax=\u00a0\u00bbenable_parallax\u00a0\u00bb bg_position=\u00a0\u00bbcenter top\u00a0\u00bb css=\u00a0\u00bb.vc_custom_1664207319195{padding-top: 140px !important;padding-bottom: 80px !important;background: #202045 url(http:\/\/ucc-www.konosys.com\/wordpress\/wp-content\/uploads\/2021\/01\/bg-1@2x-1.jpg?id=4565);background-position: center;background-repeat: no-repeat !important;background-size: cover !important;}\u00a0\u00bb responsive_css=\u00a0\u00bbpadding_top_medium:170px\u00a0\u00bb][vc_column][\/vc_column][vc_column offset=\u00a0\u00bbvc_col-md-6&Prime;][\/vc_column][vc_column width=\u00a0\u00bb1\/2&Prime; offset=\u00a0\u00bbvc_col-lg-offset-2 vc_col-lg-4 vc_col-md-offset-1 vc_col-md-5&Prime;][\/vc_column][\/vc_row][vc_row rtl_reverse=\u00a0\u00bbyes\u00a0\u00bb css=\u00a0\u00bb.vc_custom_1664353454370{padding-top: 60px !important;padding-bottom: 60px !important;}\u00a0\u00bb][vc_column enable_pin=\u00a0\u00bbenable_pin\u00a0\u00bb width=\u00a0\u00bb5\/12&Prime; offset=\u00a0\u00bbvc_col-md-4&Prime; responsive_css=\u00a0\u00bbpadding_right_medium:7%25&Prime;][vc_row_inner][vc_column_inner responsive_css=\u00a0\u00bbmargin_bottom_medium:45px\u00a0\u00bb css=\u00a0\u00bb.vc_custom_1608194013763{margin-bottom: 30px !important;}\u00a0\u00bb][\/vc_column_inner][\/vc_row_inner][\/vc_column][vc_column width=\u00a0\u00bb2\/3&Prime; column_top_ontablet=\u00a0\u00bbyes\u00a0\u00bb column_top_onmobile=\u00a0\u00bbyes\u00a0\u00bb offset=\u00a0\u00bbvc_col-md-offset-0 vc_col-md-8&Prime; responsive_css=\u00a0\u00bbmargin_bottom_medium:0px\u00a0\u00bb css=\u00a0\u00bb.vc_custom_1610729062932{margin-bottom: 35px !important;}\u00a0\u00bb][vc_row_inner][vc_column_inner][\/vc_column_inner][\/vc_row_inner][vc_separator color=\u00a0\u00bbcustom\u00a0\u00bb accent_color=\u00a0\u00bbrgba(0,0,0,0.1)\u00a0\u00bb css=\u00a0\u00bb.vc_custom_1664352575504{margin-top: 20px !important;}\u00a0\u00bb el_id=\u00a0\u00bbL2&Prime;][vc_row_inner][vc_column_inner width=\u00a0\u00bb1\/2&Prime;][\/vc_column_inner][vc_column_inner width=\u00a0\u00bb1\/2&Prime;][\/vc_column_inner][\/vc_row_inner][\/vc_column][\/vc_row][vc_row][vc_column][\/vc_column][\/vc_row]<\/p>\n","protected":false},"author":1,"featured_media":0,"parent":0,"menu_order":0,"comment_status":"closed","ping_status":"closed","template":"","meta":[],"acf":[],"aioseo_notices":[],"_links":{"self":[{"href":"https:\/\/www.ucentrale.com\/index.php\/wp-json\/wp\/v2\/pages\/4855"}],"collection":[{"href":"https:\/\/www.ucentrale.com\/index.php\/wp-json\/wp\/v2\/pages"}],"about":[{"href":"https:\/\/www.ucentrale.com\/index.php\/wp-json\/wp\/v2\/types\/page"}],"author":[{"embeddable":true,"href":"https:\/\/www.ucentrale.com\/index.php\/wp-json\/wp\/v2\/users\/1"}],"replies":[{"embeddable":true,"href":"https:\/\/www.ucentrale.com\/index.php\/wp-json\/wp\/v2\/comments?post=4855"}],"version-history":[{"count":3,"href":"https:\/\/www.ucentrale.com\/index.php\/wp-json\/wp\/v2\/pages\/4855\/revisions"}],"predecessor-version":[{"id":4931,"href":"https:\/\/www.ucentrale.com\/index.php\/wp-json\/wp\/v2\/pages\/4855\/revisions\/4931"}],"wp:attachment":[{"href":"https:\/\/www.ucentrale.com\/index.php\/wp-json\/wp\/v2\/media?parent=4855"}],"curies":[{"name":"wp","href":"https:\/\/api.w.org\/{rel}","templated":true}]}}