{"id":4910,"date":"2022-09-28T13:57:33","date_gmt":"2022-09-28T13:57:33","guid":{"rendered":"https:\/\/ucc-www.konosys.com\/wordpress\/?page_id=4910"},"modified":"2024-03-15T09:13:52","modified_gmt":"2024-03-15T09:13:52","slug":"association","status":"publish","type":"page","link":"https:\/\/www.ucentrale.com\/index.php\/association\/","title":{"rendered":"Associations"},"content":{"rendered":"<p>[vc_row full_width=\u00a0\u00bbstretch_row\u00a0\u00bb content_placement=\u00a0\u00bbmiddle\u00a0\u00bb parallax=\u00a0\u00bbenable_parallax\u00a0\u00bb bg_position=\u00a0\u00bbcenter top\u00a0\u00bb css=\u00a0\u00bb.vc_custom_1667837002003{padding-top: 140px !important;padding-bottom: 80px !important;padding-left: 15px !important;background: #202045 url(http:\/\/ucc-www.konosys.com\/wordpress\/wp-content\/uploads\/2021\/01\/bg-1@2x-1.jpg?id=4565);background-position: center;background-repeat: no-repeat !important;background-size: cover !important;}\u00a0\u00bb responsive_css=\u00a0\u00bbpadding_top_medium:170px|padding_left_medium:10vmax\u00a0\u00bb][vc_column]<style>.ld_fancy_heading_69e21b603929f h6{color:rgb(255, 255, 255);}.ld_fancy_heading_69e21b603929f h6 {font-size:12px; } .ld_fancy_heading_69e21b603929f h6 {font-weight:700; } .ld_fancy_heading_69e21b603929f h6 {letter-spacing:0.08em; } .ld_fancy_heading_69e21b603929f h6 {margin-bottom:4em !important;  } .ld_fancy_heading_69e21b603929f .lqd-highlight-inner{height:0.275em!important;bottom:0px!important;}.ld_fancy_heading_69e21b603929f h6 {font-size:12px; } .ld_fancy_heading_69e21b603929f h6 {font-weight:700; } .ld_fancy_heading_69e21b603929f h6 {letter-spacing:0.08em; } .ld_fancy_heading_69e21b603929f h6 {margin-bottom:4em !important;  } <\/style><div class=\"ld-fancy-heading text-uppercase ld_fancy_heading_69e21b603929f\">\n\t<h6 class=\"ld-fh-element lqd-highlight-underline lqd-highlight-grow-left text-decoration-default\"   >  UCC LIFE<\/h6><\/div>[\/vc_column][vc_column offset=\u00a0\u00bbvc_col-md-6&Prime;]<style>.ld_fancy_heading_69e21b60394c1 h1{color:rgb(255, 255, 255);}@media (min-width: 992px) { .ld_fancy_heading_69e21b60394c1 h1 {font-size:74px; }  } .ld_fancy_heading_69e21b60394c1 h1 {line-height:0.9em; } .ld_fancy_heading_69e21b60394c1 h1 {--element-line-height:0.9em; } .ld_fancy_heading_69e21b60394c1 .lqd-highlight-inner{height:0.275em!important;bottom:0px!important;}@media (min-width: 992px) { .ld_fancy_heading_69e21b60394c1 h1 {font-size:74px; }  } .ld_fancy_heading_69e21b60394c1 h1 {line-height:0.9em; } .ld_fancy_heading_69e21b60394c1 h1 {--element-line-height:0.9em; } <\/style><div class=\"ld-fancy-heading ld_fancy_heading_69e21b60394c1\">\n\t<h1 class=\"ld-fh-element lqd-highlight-underline lqd-highlight-grow-left text-decoration-default\"   >  Les<br \/>\nAssociations<\/h1><\/div>[\/vc_column][vc_column width=\u00a0\u00bb1\/2&Prime; offset=\u00a0\u00bbvc_col-lg-offset-2 vc_col-lg-4 vc_col-md-offset-1 vc_col-md-5&Prime;][\/vc_column][\/vc_row][vc_row full_width=\u00a0\u00bbstretch_row\u00a0\u00bb gap=\u00a0\u00bb0&Prime; full_height=\u00a0\u00bbyes\u00a0\u00bb columns_placement=\u00a0\u00bbstretch\u00a0\u00bb equal_height=\u00a0\u00bbyes\u00a0\u00bb content_placement=\u00a0\u00bbmiddle\u00a0\u00bb css=\u00a0\u00bb.vc_custom_1667839306387{background-color: #f9e5c7 !important;}\u00a0\u00bb data_tooltip=\u00a0\u00bbPull and Bear\u00a0\u00bb el_id=\u00a0\u00bbaej\u00a0\u00bb][vc_column enable_content_animation=\u00a0\u00bbyes\u00a0\u00bb ca_init_scale_x=\u00a0\u00bb1&Prime; ca_init_scale_y=\u00a0\u00bb1&Prime; ca_init_opacity=\u00a0\u00bb0&Prime; ca_an_scale_x=\u00a0\u00bb1&Prime; ca_an_scale_y=\u00a0\u00bb1&Prime; ca_an_opacity=\u00a0\u00bb1&Prime; offset=\u00a0\u00bbvc_col-md-6&Prime; responsive_css=\u00a0\u00bbpadding_top_medium:120px|padding_right_medium:10vmax|padding_bottom_medium:120px|padding_left_medium:10vmax|padding_top_small:150px|padding_bottom_small:150px\u00a0\u00bb css=\u00a0\u00bb.vc_custom_1667836122952{padding-top: 110px !important;padding-right: 15px !important;padding-bottom: 60px !important;padding-left: 15px !important;}\u00a0\u00bb ca_init_translate_y=\u00a0\u00bb55&Prime; ca_init_rotate_y=\u00a0\u00bb50&Prime; ca_duration=\u00a0\u00bb1600&Prime; ca_delay=\u00a0\u00bb180&Prime;]<style>.ld_fancy_heading_69e21b60395fa h2{color:rgb(118, 56, 56);}.ld_fancy_heading_69e21b60395fa h2 {font-size:30px; } @media (min-width: 768px) { .ld_fancy_heading_69e21b60395fa h2 {font-size:30px; }  } @media (min-width: 992px) { .ld_fancy_heading_69e21b60395fa h2 {font-size:40px; }  } .ld_fancy_heading_69e21b60395fa h2 {line-height:1em; } .ld_fancy_heading_69e21b60395fa h2 {--element-line-height:1em; } .ld_fancy_heading_69e21b60395fa h2 {letter-spacing:-0.02em; } .ld_fancy_heading_69e21b60395fa h2 {margin-top:0.15em !important; margin-bottom:0.2em !important;  } .ld_fancy_heading_69e21b60395fa .lqd-highlight-inner{height:0.275em!important;bottom:0px!important;}.ld_fancy_heading_69e21b60395fa h2 {font-size:30px; } @media (min-width: 768px) { .ld_fancy_heading_69e21b60395fa h2 {font-size:30px; }  } @media (min-width: 992px) { .ld_fancy_heading_69e21b60395fa h2 {font-size:40px; }  } .ld_fancy_heading_69e21b60395fa h2 {line-height:1em; } .ld_fancy_heading_69e21b60395fa h2 {--element-line-height:1em; } .ld_fancy_heading_69e21b60395fa h2 {letter-spacing:-0.02em; } .ld_fancy_heading_69e21b60395fa h2 {margin-top:0.15em !important; margin-bottom:0.2em !important;  } <\/style><div class=\"ld-fancy-heading text-uppercase ld_fancy_heading_69e21b60395fa\">\n\t<h2 class=\"ld-fh-element lqd-highlight-underline lqd-highlight-grow-left text-decoration-default\"   >  Association des Etudiants Juristes (AEJ-UCC)<\/h2><\/div><style>.ld_spacer_69e21b60396c0{height:20px;}<\/style>\n<div class=\"ld-empty-space ld_spacer_69e21b60396c0\"><\/div><style>.ld_fancy_heading_69e21b6039777 p{color:rgb(118, 56, 56);}.ld_fancy_heading_69e21b6039777 p {margin-bottom:1.75em !important;  } .ld_fancy_heading_69e21b6039777 .lqd-highlight-inner{height:0.275em!important;bottom:0px!important;}.ld_fancy_heading_69e21b6039777 p {margin-bottom:1.75em !important;  } <\/style><div class=\"ld-fancy-heading ld_fancy_heading_69e21b6039777\">\n\t<p class=\"ld-fh-element lqd-highlight-underline lqd-highlight-grow-left text-decoration-default\"   >  Les \u00e9tudiants du d\u00e9partement de droit ont d\u00e9cid\u00e9 de se rapprocher du monde professionnel. R\u00e9unis autour de l\u2019AEJ-UCC en Ao\u00fbt 2022, il s\u2019agit pour eux, dans un premier temps de tester leur capacit\u00e9 \u00e0 s\u2019organiser et mettre en place un cadre d\u2019expression.<\/p>\n<p>L\u2019\u00e9tudiant KEITA Allassane dirige le bureau provisoire de cette association. Il est second\u00e9 dans sa t\u00e2che par GBESSE Aude.<\/p><\/div>[\/vc_column][vc_column column_content_align=\u00a0\u00bbjustify-content-end\u00a0\u00bb row_scale_bg_onhover=\u00a0\u00bbyes\u00a0\u00bb column_top_ontablet=\u00a0\u00bbyes\u00a0\u00bb column_top_onmobile=\u00a0\u00bbyes\u00a0\u00bb bg_position=\u00a0\u00bbcenter center\u00a0\u00bb offset=\u00a0\u00bbvc_col-md-6&Prime; css=\u00a0\u00bb.vc_custom_1710493976161{padding-top: 25vh !important;padding-bottom: 25vh !important;background-image: url(http:\/\/www.ucentrale.com\/wp-content\/uploads\/2022\/11\/fabb5b64-95bd-49a6-98bd-3cc9313c0009.jpg?id=4928) !important;background-position: center !important;background-repeat: no-repeat !important;background-size: cover !important;}\u00a0\u00bb responsive_css=\u00a0\u00bbpadding_top_medium:0px|padding_bottom_medium:0px\u00a0\u00bb][\/vc_column][\/vc_row][vc_row full_width=\u00a0\u00bbstretch_row\u00a0\u00bb gap=\u00a0\u00bb0&Prime; full_height=\u00a0\u00bbyes\u00a0\u00bb columns_placement=\u00a0\u00bbstretch\u00a0\u00bb equal_height=\u00a0\u00bbyes\u00a0\u00bb content_placement=\u00a0\u00bbmiddle\u00a0\u00bb css=\u00a0\u00bb.vc_custom_1667839315543{background-color: #001776 !important;}\u00a0\u00bb data_tooltip=\u00a0\u00bbCoast Drone\u00a0\u00bb el_id=\u00a0\u00bbmanager\u00a0\u00bb][vc_column row_scale_bg_onhover=\u00a0\u00bbyes\u00a0\u00bb column_top_onmobile=\u00a0\u00bbyes\u00a0\u00bb bg_position=\u00a0\u00bbcenter center\u00a0\u00bb offset=\u00a0\u00bbvc_col-md-6&Prime; css=\u00a0\u00bb.vc_custom_1710494000327{padding-top: 25vh !important;padding-bottom: 25vh !important;background-image: url(http:\/\/www.ucentrale.com\/wp-content\/uploads\/2022\/09\/img1.jpeg?id=4699) !important;background-position: center !important;background-repeat: no-repeat !important;background-size: cover !important;}\u00a0\u00bb responsive_css=\u00a0\u00bbpadding_top_medium:0px|padding_bottom_medium:0px\u00a0\u00bb][\/vc_column][vc_column enable_content_animation=\u00a0\u00bbyes\u00a0\u00bb ca_init_scale_x=\u00a0\u00bb1&Prime; ca_init_scale_y=\u00a0\u00bb1&Prime; ca_init_opacity=\u00a0\u00bb0&Prime; ca_an_scale_x=\u00a0\u00bb1&Prime; ca_an_scale_y=\u00a0\u00bb1&Prime; ca_an_opacity=\u00a0\u00bb1&Prime; offset=\u00a0\u00bbvc_col-md-6&Prime; responsive_css=\u00a0\u00bbpadding_top_medium:120px|padding_right_medium:10vmax|padding_bottom_medium:120px|padding_left_medium:10vmax|padding_top_small:150px|padding_bottom_small:150px\u00a0\u00bb css=\u00a0\u00bb.vc_custom_1667836237337{padding-top: 110px !important;padding-right: 15px !important;padding-bottom: 60px !important;padding-left: 15px !important;}\u00a0\u00bb ca_init_translate_y=\u00a0\u00bb55&Prime; ca_init_rotate_y=\u00a0\u00bb50&Prime; ca_duration=\u00a0\u00bb1600&Prime; ca_delay=\u00a0\u00bb180&Prime;]<style>.ld_fancy_heading_69e21b60398a2 h2{color:rgb(233, 236, 249);}.ld_fancy_heading_69e21b60398a2 h2 {font-size:30px; } @media (min-width: 768px) { .ld_fancy_heading_69e21b60398a2 h2 {font-size:30px; }  } @media (min-width: 992px) { .ld_fancy_heading_69e21b60398a2 h2 {font-size:40px; }  } .ld_fancy_heading_69e21b60398a2 h2 {line-height:1em; } .ld_fancy_heading_69e21b60398a2 h2 {--element-line-height:1em; } .ld_fancy_heading_69e21b60398a2 h2 {letter-spacing:-0.02em; } .ld_fancy_heading_69e21b60398a2 h2 {margin-top:0.15em !important; margin-bottom:0.2em !important;  } .ld_fancy_heading_69e21b60398a2 .lqd-highlight-inner{height:0.275em!important;bottom:0px!important;}.ld_fancy_heading_69e21b60398a2 h2 {font-size:30px; } @media (min-width: 768px) { .ld_fancy_heading_69e21b60398a2 h2 {font-size:30px; }  } @media (min-width: 992px) { .ld_fancy_heading_69e21b60398a2 h2 {font-size:40px; }  } .ld_fancy_heading_69e21b60398a2 h2 {line-height:1em; } .ld_fancy_heading_69e21b60398a2 h2 {--element-line-height:1em; } .ld_fancy_heading_69e21b60398a2 h2 {letter-spacing:-0.02em; } .ld_fancy_heading_69e21b60398a2 h2 {margin-top:0.15em !important; margin-bottom:0.2em !important;  } <\/style><div class=\"ld-fancy-heading text-uppercase ld_fancy_heading_69e21b60398a2\">\n\t<h2 class=\"ld-fh-element lqd-highlight-underline lqd-highlight-grow-left text-decoration-default\"   >  Le Manager (Association des Etudiants en Administration des affaires)<\/h2><\/div><style>.ld_spacer_69e21b6039961{height:20px;}<\/style>\n<div class=\"ld-empty-space ld_spacer_69e21b6039961\"><\/div><style>.ld_fancy_heading_69e21b6039a0e p{color:rgb(233, 236, 249);}.ld_fancy_heading_69e21b6039a0e p {margin-bottom:1.75em !important;  } .ld_fancy_heading_69e21b6039a0e .lqd-highlight-inner{height:0.275em!important;bottom:0px!important;}.ld_fancy_heading_69e21b6039a0e p {margin-bottom:1.75em !important;  } <\/style><div class=\"ld-fancy-heading ld_fancy_heading_69e21b6039a0e\">\n\t<p class=\"ld-fh-element lqd-highlight-underline lqd-highlight-grow-left text-decoration-default\"   >  Qu\u2019est-ce qu\u2019un monde sans manager\u00a0? Les soci\u00e9t\u00e9s les plus organis\u00e9es sont les mieux g\u00e9r\u00e9es. Le management int\u00e8gre de nombreuses variables telles que la comptabilit\u00e9, la finance, le marketing, la logistique, les ressources humaines et la gestion des risques. Et c\u2019est ce qui fait notre diversit\u00e9.<\/p>\n<p>Cr\u00e9\u00e9e depuis 2 ans, notre association de peu de membres (5 \u00e0 la cr\u00e9ation) a enregistr\u00e9 plus de 20 nouveaux membres cette ann\u00e9e. Notre vision est simple\u00a0: am\u00e9liorer la comp\u00e9tence de nos membres par notre participation toujours plus pouss\u00e9e \u00e0 l\u2019action du monde professionnel.<\/p>\n<p>L\u2019association d\u00e9sire r\u00e9soudre des probl\u00e9matiques d\u2019entreprises et faire des propositions qui vont davantage int\u00e9grer nos membres.<\/p>\n<p>Mademoiselle Naomie KOUAO a port\u00e9 tr\u00e8s haut les destin\u00e9es de LeManager depuis sa cr\u00e9ation.<\/p><\/div>[\/vc_column][\/vc_row][vc_row full_width=\u00a0\u00bbstretch_row\u00a0\u00bb gap=\u00a0\u00bb0&Prime; full_height=\u00a0\u00bbyes\u00a0\u00bb columns_placement=\u00a0\u00bbstretch\u00a0\u00bb content_placement=\u00a0\u00bbmiddle\u00a0\u00bb css=\u00a0\u00bb.vc_custom_1667838729848{background-color: #f9e5c7 !important;}\u00a0\u00bb data_tooltip=\u00a0\u00bbNexa mobile\u00a0\u00bb el_id=\u00a0\u00bbmoliere\u00a0\u00bb][vc_column enable_content_animation=\u00a0\u00bbyes\u00a0\u00bb ca_init_scale_x=\u00a0\u00bb1&Prime; ca_init_scale_y=\u00a0\u00bb1&Prime; ca_init_opacity=\u00a0\u00bb0&Prime; ca_an_scale_x=\u00a0\u00bb1&Prime; ca_an_scale_y=\u00a0\u00bb1&Prime; ca_an_opacity=\u00a0\u00bb1&Prime; offset=\u00a0\u00bbvc_col-md-6&Prime; responsive_css=\u00a0\u00bbpadding_top_medium:120px|padding_right_medium:10vmax|padding_bottom_medium:120px|padding_left_medium:10vmax|padding_top_small:150px|padding_bottom_small:150px\u00a0\u00bb css=\u00a0\u00bb.vc_custom_1667839825525{padding-top: 110px !important;padding-right: 15px !important;padding-bottom: 60px !important;padding-left: 15px !important;}\u00a0\u00bb ca_init_translate_y=\u00a0\u00bb55&Prime; ca_init_rotate_y=\u00a0\u00bb50&Prime; ca_duration=\u00a0\u00bb1600&Prime; ca_delay=\u00a0\u00bb180&Prime;]<style>.ld_fancy_heading_69e21b6039b42 h2{color:rgb(118, 56, 56);}.ld_fancy_heading_69e21b6039b42 h2 {font-size:30px; } @media (min-width: 768px) { .ld_fancy_heading_69e21b6039b42 h2 {font-size:30px; }  } @media (min-width: 992px) { .ld_fancy_heading_69e21b6039b42 h2 {font-size:40px; }  } .ld_fancy_heading_69e21b6039b42 h2 {line-height:1em; } .ld_fancy_heading_69e21b6039b42 h2 {--element-line-height:1em; } .ld_fancy_heading_69e21b6039b42 h2 {letter-spacing:-0.02em; } .ld_fancy_heading_69e21b6039b42 h2 {margin-top:0.15em !important; margin-bottom:0.2em !important;  } .ld_fancy_heading_69e21b6039b42 .lqd-highlight-inner{height:0.275em!important;bottom:0px!important;}.ld_fancy_heading_69e21b6039b42 h2 {font-size:30px; } @media (min-width: 768px) { .ld_fancy_heading_69e21b6039b42 h2 {font-size:30px; }  } @media (min-width: 992px) { .ld_fancy_heading_69e21b6039b42 h2 {font-size:40px; }  } .ld_fancy_heading_69e21b6039b42 h2 {line-height:1em; } .ld_fancy_heading_69e21b6039b42 h2 {--element-line-height:1em; } .ld_fancy_heading_69e21b6039b42 h2 {letter-spacing:-0.02em; } .ld_fancy_heading_69e21b6039b42 h2 {margin-top:0.15em !important; margin-bottom:0.2em !important;  } <\/style><div class=\"ld-fancy-heading text-uppercase ld_fancy_heading_69e21b6039b42\">\n\t<h2 class=\"ld-fh-element lqd-highlight-underline lqd-highlight-grow-left text-decoration-default\"   >  Moli\u00e8re\u00a0(Association des \u00e9tudiants en Lettres Modernes)<\/h2><\/div><style>.ld_spacer_69e21b6039c34{height:20px;}<\/style>\n<div class=\"ld-empty-space ld_spacer_69e21b6039c34\"><\/div><style>.ld_fancy_heading_69e21b6039ce4 p{color:rgb(118, 56, 56);}.ld_fancy_heading_69e21b6039ce4 p {margin-bottom:1.75em !important;  } .ld_fancy_heading_69e21b6039ce4 .lqd-highlight-inner{height:0.275em!important;bottom:0px!important;}.ld_fancy_heading_69e21b6039ce4 p {margin-bottom:1.75em !important;  } <\/style><div class=\"ld-fancy-heading ld_fancy_heading_69e21b6039ce4\">\n\t<p class=\"ld-fh-element lqd-highlight-underline lqd-highlight-grow-left text-decoration-default\"   >  Victor Hugo, Baudelaire et bien d\u2019autres auteurs sont des r\u00e9f\u00e9rences. Le langage courant parle de la langue de Moli\u00e8re. C\u2019est pourquoi Moli\u00e8re est le nom de l\u2019association qui nous rassemble. Voici 1 an que nous existons sans actions majeures. Nous profitons de l\u2019enregistrement de nouveaux membres \u00e0 cette rentr\u00e9e d\u2019Octobre 2022 pour pr\u00e9senter notre vision et nos plans d\u2019actions. Nous sommes des litt\u00e9raires et nous avons pour ambitions de promouvoir cette disciple au sein de notre Universit\u00e9.<\/p><\/div>[\/vc_column][vc_column column_content_align=\u00a0\u00bbjustify-content-end\u00a0\u00bb row_scale_bg_onhover=\u00a0\u00bbyes\u00a0\u00bb column_top_ontablet=\u00a0\u00bbyes\u00a0\u00bb column_top_onmobile=\u00a0\u00bbyes\u00a0\u00bb bg_position=\u00a0\u00bbcenter center\u00a0\u00bb offset=\u00a0\u00bbvc_col-md-6&Prime; css=\u00a0\u00bb.vc_custom_1710494029143{padding-top: 25vh !important;padding-bottom: 25vh !important;background-image: url(http:\/\/www.ucentrale.com\/wp-content\/uploads\/2022\/11\/Image-daccueil.jpg?id=4926) !important;background-position: center !important;background-repeat: no-repeat !important;background-size: cover !important;}\u00a0\u00bb responsive_css=\u00a0\u00bbpadding_top_medium:0px|padding_bottom_medium:0px\u00a0\u00bb][\/vc_column][\/vc_row][vc_row full_width=\u00a0\u00bbstretch_row\u00a0\u00bb gap=\u00a0\u00bb0&Prime; full_height=\u00a0\u00bbyes\u00a0\u00bb columns_placement=\u00a0\u00bbstretch\u00a0\u00bb equal_height=\u00a0\u00bbyes\u00a0\u00bb content_placement=\u00a0\u00bbmiddle\u00a0\u00bb css=\u00a0\u00bb.vc_custom_1578567359580{background-color: #ffffff !important;}\u00a0\u00bb data_tooltip=\u00a0\u00bbSocial Connection\u00a0\u00bb][vc_column row_scale_bg_onhover=\u00a0\u00bbyes\u00a0\u00bb bg_position=\u00a0\u00bbcenter center\u00a0\u00bb align=\u00a0\u00bbtext-center\u00a0\u00bb offset=\u00a0\u00bbvc_col-md-6&Prime; css=\u00a0\u00bb.vc_custom_1667840828280{padding-top: 20vh !important;padding-bottom: 20vh !important;background-image: url(https:\/\/split.liquid-themes.com\/staging\/wp-content\/uploads\/2020\/07\/split-pf-3@2x.jpg?id=1154) !important;background-position: center !important;background-repeat: no-repeat !important;background-size: cover !important;}\u00a0\u00bb responsive_align=\u00a0\u00bbtext-center\u00a0\u00bb responsive_css=\u00a0\u00bbpadding_top_medium:0px|padding_bottom_medium:0px\u00a0\u00bb][\/vc_column][vc_column offset=\u00a0\u00bbvc_col-md-6&Prime; responsive_css=\u00a0\u00bbpadding_top_medium:0px|padding_right_medium:10vmax|padding_bottom_medium:0px|padding_left_medium:10vmax|padding_top_small:150px|padding_bottom_small:150px\u00a0\u00bb css=\u00a0\u00bb.vc_custom_1605618568268{padding-top: 60px !important;padding-right: 15px !important;padding-bottom: 60px !important;padding-left: 15px !important;}\u00a0\u00bb]<style>.ld_fancy_heading_69e21b6039dff h2{color:#001776;}.ld_fancy_heading_69e21b6039dff h2 {font-size:50px; } @media (min-width: 768px) { .ld_fancy_heading_69e21b6039dff h2 {font-size:50px; }  } @media (min-width: 992px) { .ld_fancy_heading_69e21b6039dff h2 {font-size:60px; }  } .ld_fancy_heading_69e21b6039dff h2 {line-height:1em; } .ld_fancy_heading_69e21b6039dff h2 {--element-line-height:1em; } .ld_fancy_heading_69e21b6039dff h2 {letter-spacing:-0.02em; } .ld_fancy_heading_69e21b6039dff h2 {margin-top:0.15em !important; margin-bottom:0.2em !important;  } .ld_fancy_heading_69e21b6039dff .lqd-highlight-inner{height:0.275em!important;bottom:0px!important;}.ld_fancy_heading_69e21b6039dff h2 {font-size:50px; } @media (min-width: 768px) { .ld_fancy_heading_69e21b6039dff h2 {font-size:50px; }  } @media (min-width: 992px) { .ld_fancy_heading_69e21b6039dff h2 {font-size:60px; }  } .ld_fancy_heading_69e21b6039dff h2 {line-height:1em; } .ld_fancy_heading_69e21b6039dff h2 {--element-line-height:1em; } .ld_fancy_heading_69e21b6039dff h2 {letter-spacing:-0.02em; } .ld_fancy_heading_69e21b6039dff h2 {margin-top:0.15em !important; margin-bottom:0.2em !important;  } <\/style><div class=\"ld-fancy-heading text-uppercase ld_fancy_heading_69e21b6039dff\">\n\t<h2 class=\"ld-fh-element lqd-highlight-underline lqd-highlight-grow-left text-decoration-default\"   >  UCC-COM<\/h2><\/div><style>.ld_spacer_69e21b6039eba{height:20px;}<\/style>\n<div class=\"ld-empty-space ld_spacer_69e21b6039eba\"><\/div><style>.ld_fancy_heading_69e21b6039f67 p{color:#001776;}.ld_fancy_heading_69e21b6039f67 p {margin-bottom:1.75em !important;  } .ld_fancy_heading_69e21b6039f67 .lqd-highlight-inner{height:0.275em!important;bottom:0px!important;}.ld_fancy_heading_69e21b6039f67 p {margin-bottom:1.75em !important;  } <\/style><div class=\"ld-fancy-heading ld_fancy_heading_69e21b6039f67\">\n\t<p class=\"ld-fh-element lqd-highlight-underline lqd-highlight-grow-left text-decoration-default\"   >  La communication est le fer de lance de toute soci\u00e9t\u00e9 s\u00e9rieuse et moderne. Notre vision est d\u2019organiser avec les professionnels des \u00e9changes, des s\u00e9minaires et m\u00eame des stages pour nos membres, dans tous les domaines de cet art, afin de lier la th\u00e9orie \u00e0 la pratique.<\/p>\n<p>Notre association a pour premier partenaire le Service Marketing et Communication de notre Universit\u00e9 qui nous inspire \u00e0 faire nos premiers pas dans ce passionnant m\u00e9tier. Notre association vient de naitre depuis le 25 Septembre 2022. Elle d\u00e9sire rapidement imposer sa marque \u00e0 l\u2019UCC. ..A suivre.<\/p><\/div>[\/vc_column][\/vc_row]<\/p>\n","protected":false},"excerpt":{"rendered":"<p>[vc_row full_width=\u00a0\u00bbstretch_row\u00a0\u00bb content_placement=\u00a0\u00bbmiddle\u00a0\u00bb parallax=\u00a0\u00bbenable_parallax\u00a0\u00bb bg_position=\u00a0\u00bbcenter top\u00a0\u00bb css=\u00a0\u00bb.vc_custom_1667837002003{padding-top: 140px !important;padding-bottom: 80px !important;padding-left: 15px !important;background: #202045 url(http:\/\/ucc-www.konosys.com\/wordpress\/wp-content\/uploads\/2021\/01\/bg-1@2x-1.jpg?id=4565);background-position: center;background-repeat: no-repeat !important;background-size: cover !important;}\u00a0\u00bb responsive_css=\u00a0\u00bbpadding_top_medium:170px|padding_left_medium:10vmax\u00a0\u00bb][vc_column][\/vc_column][vc_column offset=\u00a0\u00bbvc_col-md-6&Prime;][\/vc_column][vc_column width=\u00a0\u00bb1\/2&Prime; offset=\u00a0\u00bbvc_col-lg-offset-2 vc_col-lg-4 vc_col-md-offset-1 vc_col-md-5&Prime;][\/vc_column][\/vc_row][vc_row full_width=\u00a0\u00bbstretch_row\u00a0\u00bb gap=\u00a0\u00bb0&Prime; full_height=\u00a0\u00bbyes\u00a0\u00bb columns_placement=\u00a0\u00bbstretch\u00a0\u00bb equal_height=\u00a0\u00bbyes\u00a0\u00bb content_placement=\u00a0\u00bbmiddle\u00a0\u00bb css=\u00a0\u00bb.vc_custom_1667839306387{background-color: #f9e5c7 !important;}\u00a0\u00bb data_tooltip=\u00a0\u00bbPull and Bear\u00a0\u00bb el_id=\u00a0\u00bbaej\u00a0\u00bb][vc_column enable_content_animation=\u00a0\u00bbyes\u00a0\u00bb ca_init_scale_x=\u00a0\u00bb1&Prime; ca_init_scale_y=\u00a0\u00bb1&Prime; ca_init_opacity=\u00a0\u00bb0&Prime; ca_an_scale_x=\u00a0\u00bb1&Prime; ca_an_scale_y=\u00a0\u00bb1&Prime; ca_an_opacity=\u00a0\u00bb1&Prime; offset=\u00a0\u00bbvc_col-md-6&Prime; responsive_css=\u00a0\u00bbpadding_top_medium:120px|padding_right_medium:10vmax|padding_bottom_medium:120px|padding_left_medium:10vmax|padding_top_small:150px|padding_bottom_small:150px\u00a0\u00bb css=\u00a0\u00bb.vc_custom_1667836122952{padding-top: 110px !important;padding-right: 15px !important;padding-bottom: 60px [&hellip;]<\/p>\n","protected":false},"author":1,"featured_media":0,"parent":0,"menu_order":0,"comment_status":"closed","ping_status":"closed","template":"","meta":[],"acf":[],"aioseo_notices":[],"_links":{"self":[{"href":"https:\/\/www.ucentrale.com\/index.php\/wp-json\/wp\/v2\/pages\/4910"}],"collection":[{"href":"https:\/\/www.ucentrale.com\/index.php\/wp-json\/wp\/v2\/pages"}],"about":[{"href":"https:\/\/www.ucentrale.com\/index.php\/wp-json\/wp\/v2\/types\/page"}],"author":[{"embeddable":true,"href":"https:\/\/www.ucentrale.com\/index.php\/wp-json\/wp\/v2\/users\/1"}],"replies":[{"embeddable":true,"href":"https:\/\/www.ucentrale.com\/index.php\/wp-json\/wp\/v2\/comments?post=4910"}],"version-history":[{"count":9,"href":"https:\/\/www.ucentrale.com\/index.php\/wp-json\/wp\/v2\/pages\/4910\/revisions"}],"predecessor-version":[{"id":4989,"href":"https:\/\/www.ucentrale.com\/index.php\/wp-json\/wp\/v2\/pages\/4910\/revisions\/4989"}],"wp:attachment":[{"href":"https:\/\/www.ucentrale.com\/index.php\/wp-json\/wp\/v2\/media?parent=4910"}],"curies":[{"name":"wp","href":"https:\/\/api.w.org\/{rel}","templated":true}]}}